{"id":1484,"date":"2025-03-31T08:27:19","date_gmt":"2025-03-31T08:27:19","guid":{"rendered":"https:\/\/beis.instant.al\/?page_id=1484"},"modified":"2025-04-23T10:49:00","modified_gmt":"2025-04-23T08:49:00","slug":"rreth-nesh","status":"publish","type":"page","link":"https:\/\/be-is.al\/en\/rreth-nesh\/","title":{"rendered":"About us"},"content":{"rendered":"<div data-elementor-type=\"wp-page\" data-elementor-id=\"1484\" class=\"elementor elementor-1484\" data-elementor-post-type=\"page\">\n\t\t\t\t<div class=\"elementor-element elementor-element-147d429 e-flex e-con-boxed e-con e-parent\" data-id=\"147d429\" data-element_type=\"container\" data-e-type=\"container\">\n\t\t\t\t\t<div class=\"e-con-inner\">\n\t\t\t\t<div class=\"elementor-element elementor-element-c03d889 elementor-widget elementor-widget-heading\" data-id=\"c03d889\" data-element_type=\"widget\" data-e-type=\"widget\" data-widget_type=\"heading.default\">\n\t\t\t\t<div class=\"elementor-widget-container\">\n\t\t\t\t\t<h2 class=\"elementor-heading-title elementor-size-default\">Our Activity <\/h2>\t\t\t\t<\/div>\n\t\t\t\t<\/div>\n\t\t\t\t<div class=\"elementor-element elementor-element-238c56d elementor-widget elementor-widget-text-editor\" data-id=\"238c56d\" data-element_type=\"widget\" data-e-type=\"widget\" data-widget_type=\"text-editor.default\">\n\t\t\t\t<div class=\"elementor-widget-container\">\n\t\t\t\t\t\t\t\t\t<p>BE-IS sh.p.k, one of the leading companies in the construction industry in Albania and the region, offers construction and investment of development projects. Founded in 2006, BE-IS sh.p.k specializes in the field of civil and industrial construction, such as: Civil buildings, social and cultural centers and infrastructure construction. The work at BE-IS sh.p.k is focused on a relationship of trust and partnership with all collaborators.<\/p>\t\t\t\t\t\t\t\t<\/div>\n\t\t\t\t<\/div>\n\t\t<div class=\"elementor-element elementor-element-ab116ec e-grid e-con-full e-con e-child\" data-id=\"ab116ec\" data-element_type=\"container\" data-e-type=\"container\">\n\t\t<div class=\"elementor-element elementor-element-50fe705 e-con-full e-flex e-con e-child\" data-id=\"50fe705\" data-element_type=\"container\" data-e-type=\"container\">\n\t\t\t\t<div class=\"elementor-element elementor-element-9aae6ac elementor-widget elementor-widget-heading\" data-id=\"9aae6ac\" data-element_type=\"widget\" data-e-type=\"widget\" data-widget_type=\"heading.default\">\n\t\t\t\t<div class=\"elementor-widget-container\">\n\t\t\t\t\t<h2 class=\"elementor-heading-title elementor-size-default\">Mission<\/h2>\t\t\t\t<\/div>\n\t\t\t\t<\/div>\n\t\t\t\t<div class=\"elementor-element elementor-element-5334218 elementor-widget elementor-widget-text-editor\" data-id=\"5334218\" data-element_type=\"widget\" data-e-type=\"widget\" data-widget_type=\"text-editor.default\">\n\t\t\t\t<div class=\"elementor-widget-container\">\n\t\t\t\t\t\t\t\t\t<p>To develop projects with unquestionable quality and high standards by introducing innovative concepts and using the best technologies.<\/p>\t\t\t\t\t\t\t\t<\/div>\n\t\t\t\t<\/div>\n\t\t\t\t<\/div>\n\t\t<div class=\"elementor-element elementor-element-e1598e0 e-con-full e-flex e-con e-child\" data-id=\"e1598e0\" data-element_type=\"container\" data-e-type=\"container\">\n\t\t\t\t<div class=\"elementor-element elementor-element-4e620e3 elementor-widget elementor-widget-heading\" data-id=\"4e620e3\" data-element_type=\"widget\" data-e-type=\"widget\" data-widget_type=\"heading.default\">\n\t\t\t\t<div class=\"elementor-widget-container\">\n\t\t\t\t\t<h2 class=\"elementor-heading-title elementor-size-default\">VISION<\/h2>\t\t\t\t<\/div>\n\t\t\t\t<\/div>\n\t\t\t\t<div class=\"elementor-element elementor-element-44470dd elementor-widget elementor-widget-text-editor\" data-id=\"44470dd\" data-element_type=\"widget\" data-e-type=\"widget\" data-widget_type=\"text-editor.default\">\n\t\t\t\t<div class=\"elementor-widget-container\">\n\t\t\t\t\t\t\t\t\t<p>To be a leader in the construction and public investment industry in Albania and the region, becoming the most trusted business partner and collaborator for our clients.<\/p>\t\t\t\t\t\t\t\t<\/div>\n\t\t\t\t<\/div>\n\t\t\t\t<\/div>\n\t\t\t\t<\/div>\n\t\t\t\t<div class=\"elementor-element elementor-element-c47fdf8 elementor-widget elementor-widget-heading\" data-id=\"c47fdf8\" data-element_type=\"widget\" data-e-type=\"widget\" data-widget_type=\"heading.default\">\n\t\t\t\t<div class=\"elementor-widget-container\">\n\t\t\t\t\t<h2 class=\"elementor-heading-title elementor-size-default\">Values<\/h2>\t\t\t\t<\/div>\n\t\t\t\t<\/div>\n\t\t\t\t<div class=\"elementor-element elementor-element-47b052b elementor-widget elementor-widget-text-editor\" data-id=\"47b052b\" data-element_type=\"widget\" data-e-type=\"widget\" data-widget_type=\"text-editor.default\">\n\t\t\t\t<div class=\"elementor-widget-container\">\n\t\t\t\t\t\t\t\t\t<p><strong>QUALITY<\/strong>: We are proud to have achieved quality standards in the construction of various engineering works such as \"Civil Buildings, Roads, Bridges, Railways\". The undisputed quality of the projects we undertake is evidenced by dozens of completed projects.<\/p><p><strong>INTEGRITY<\/strong>: We are guided by the principle of integrity to work in a qualitative manner, within the stipulated timeframes and in accordance with the rules and laws. <\/p>\t\t\t\t\t\t\t\t<\/div>\n\t\t\t\t<\/div>\n\t\t\t\t\t<\/div>\n\t\t\t\t<\/div>\n\t\t\t\t<\/div>","protected":false},"excerpt":{"rendered":"<p>Aktiviteti Yne Shoq\u00ebria BE-IS sh.p.k , nj\u00eb prej kompanive kryesore te industris\u00eb s\u00eb nd\u00ebrtimit n\u00eb Shqip\u00ebri e rajon, ofron nd\u00ebrtim dhe investim t\u00eb projekteve zhvilluese. E themeluar n\u00eb vitin 2006, BE-IS sh.p.k \u00ebsht\u00eb e specializuar n\u00eb fush\u00ebn e nd\u00ebrtimeve civile dhe industriale, si: Godina Civile, qendra sociale e kulturore dhe nd\u00ebrtime infrastrukturore. Puna n\u00eb BE-IS [&hellip;]<\/p>\n","protected":false},"author":1,"featured_media":0,"parent":0,"menu_order":0,"comment_status":"closed","ping_status":"closed","template":"","meta":{"footnotes":""},"class_list":["post-1484","page","type-page","status-publish","hentry"],"_links":{"self":[{"href":"https:\/\/be-is.al\/en\/wp-json\/wp\/v2\/pages\/1484","targetHints":{"allow":["GET"]}}],"collection":[{"href":"https:\/\/be-is.al\/en\/wp-json\/wp\/v2\/pages"}],"about":[{"href":"https:\/\/be-is.al\/en\/wp-json\/wp\/v2\/types\/page"}],"author":[{"embeddable":true,"href":"https:\/\/be-is.al\/en\/wp-json\/wp\/v2\/users\/1"}],"replies":[{"embeddable":true,"href":"https:\/\/be-is.al\/en\/wp-json\/wp\/v2\/comments?post=1484"}],"version-history":[{"count":13,"href":"https:\/\/be-is.al\/en\/wp-json\/wp\/v2\/pages\/1484\/revisions"}],"predecessor-version":[{"id":1931,"href":"https:\/\/be-is.al\/en\/wp-json\/wp\/v2\/pages\/1484\/revisions\/1931"}],"wp:attachment":[{"href":"https:\/\/be-is.al\/en\/wp-json\/wp\/v2\/media?parent=1484"}],"curies":[{"name":"wp","href":"https:\/\/api.w.org\/{rel}","templated":true}]}}