{"id":1486,"date":"2025-03-31T08:27:34","date_gmt":"2025-03-31T08:27:34","guid":{"rendered":"https:\/\/beis.instant.al\/?page_id=1486"},"modified":"2025-07-25T11:13:39","modified_gmt":"2025-07-25T09:13:39","slug":"projektet","status":"publish","type":"page","link":"https:\/\/be-is.al\/en\/projektet\/","title":{"rendered":"Projects"},"content":{"rendered":"\t\t<div data-elementor-type=\"wp-page\" data-elementor-id=\"1486\" class=\"elementor elementor-1486\" data-elementor-post-type=\"page\">\n\t\t\t\t<div class=\"elementor-element elementor-element-33d8107 e-flex e-con-boxed e-con e-parent\" data-id=\"33d8107\" data-element_type=\"container\" data-e-type=\"container\">\n\t\t\t\t\t<div class=\"e-con-inner\">\n\t\t\t\t<div class=\"elementor-element elementor-element-ae45e84 elementor-grid-1 elementor-grid-tablet-2 elementor-grid-mobile-1 elementor-widget elementor-widget-loop-grid\" data-id=\"ae45e84\" data-element_type=\"widget\" data-e-type=\"widget\" data-settings=\"{&quot;template_id&quot;:&quot;1827&quot;,&quot;columns&quot;:1,&quot;pagination_type&quot;:&quot;numbers&quot;,&quot;_skin&quot;:&quot;post&quot;,&quot;columns_tablet&quot;:&quot;2&quot;,&quot;columns_mobile&quot;:&quot;1&quot;,&quot;edit_handle_selector&quot;:&quot;[data-elementor-type=\\&quot;loop-item\\&quot;]&quot;,&quot;pagination_load_type&quot;:&quot;page_reload&quot;,&quot;row_gap&quot;:{&quot;unit&quot;:&quot;px&quot;,&quot;size&quot;:&quot;&quot;,&quot;sizes&quot;:[]},&quot;row_gap_laptop&quot;:{&quot;unit&quot;:&quot;px&quot;,&quot;size&quot;:&quot;&quot;,&quot;sizes&quot;:[]},&quot;row_gap_tablet&quot;:{&quot;unit&quot;:&quot;px&quot;,&quot;size&quot;:&quot;&quot;,&quot;sizes&quot;:[]},&quot;row_gap_mobile&quot;:{&quot;unit&quot;:&quot;px&quot;,&quot;size&quot;:&quot;&quot;,&quot;sizes&quot;:[]}}\" data-widget_type=\"loop-grid.post\">\n\t\t\t\t<div class=\"elementor-widget-container\">\n\t\t\t\t\t\t\t<div class=\"elementor-loop-container elementor-grid\" role=\"list\">\n\t\t<style id=\"loop-1827\">.elementor-1827 .elementor-element.elementor-element-0bc54e1{--display:flex;--flex-direction:column;--container-widget-width:calc( ( 1 - var( --container-widget-flex-grow ) ) * 100% );--container-widget-height:initial;--container-widget-flex-grow:0;--container-widget-align-self:initial;--flex-wrap-mobile:wrap;--justify-content:center;--align-items:flex-start;border-style:solid;--border-style:solid;border-width:1px 1px 1px 1px;--border-top-width:1px;--border-right-width:1px;--border-bottom-width:1px;--border-left-width:1px;border-color:#DDDCDC;--border-color:#DDDCDC;--border-radius:15px 15px 15px 15px;}.elementor-1827 .elementor-element.elementor-element-0bc54e1:hover{border-style:solid;border-width:1px 1px 1px 1px;--border-top-width:1px;--border-right-width:1px;--border-bottom-width:1px;--border-left-width:1px;}.elementor-1827 .elementor-element.elementor-element-0bc54e1, .elementor-1827 .elementor-element.elementor-element-0bc54e1::before{--border-transition:0.3s;}.elementor-1827 .elementor-element.elementor-element-0bc54e1.e-con{--align-self:stretch;}.elementor-widget-theme-post-title .elementor-heading-title{font-family:var( --e-global-typography-primary-font-family ), Sans-serif;font-weight:var( --e-global-typography-primary-font-weight );color:var( --e-global-color-primary );}.elementor-1827 .elementor-element.elementor-element-b2ff06b{text-align:start;}.elementor-1827 .elementor-element.elementor-element-b2ff06b .elementor-heading-title{font-family:\"Poppins\", Sans-serif;font-size:25px;font-weight:500;text-transform:uppercase;color:var( --e-global-color-33aaa48 );}.elementor-1827 .elementor-element.elementor-element-b2ff06b > .elementor-widget-container{padding:0px 0px 10px 0px;}.elementor-1827 .elementor-element.elementor-element-b2ff06b.elementor-element{--flex-grow:1;--flex-shrink:0;}@media(max-width:1024px){.elementor-1827 .elementor-element.elementor-element-b2ff06b{text-align:start;width:100%;max-width:100%;}.elementor-1827 .elementor-element.elementor-element-b2ff06b .elementor-heading-title{font-size:19px;}}@media(max-width:767px){.elementor-1827 .elementor-element.elementor-element-b2ff06b{text-align:start;}.elementor-1827 .elementor-element.elementor-element-b2ff06b .elementor-heading-title{font-size:16px;}}<\/style>\t\t<div data-elementor-type=\"loop-item\" data-elementor-id=\"1827\" class=\"elementor elementor-1827 e-loop-item e-loop-item-2487 post-2487 post type-post status-publish format-standard has-post-thumbnail hentry category-infrastrukture-rrugore category-ne-proces tag-foto\" data-elementor-post-type=\"elementor_library\" data-custom-edit-handle=\"1\">\n\t\t\t<div class=\"elementor-element elementor-element-0bc54e1 e-flex e-con-boxed e-con e-parent\" data-id=\"0bc54e1\" data-element_type=\"container\" data-e-type=\"container\">\n\t\t\t\t\t<div class=\"e-con-inner\">\n\t\t\t\t<div class=\"elementor-element elementor-element-b2ff06b elementor-widget-tablet__width-inherit elementor-widget elementor-widget-theme-post-title elementor-page-title elementor-widget-heading\" data-id=\"b2ff06b\" data-element_type=\"widget\" data-e-type=\"widget\" data-widget_type=\"theme-post-title.default\">\n\t\t\t\t<div class=\"elementor-widget-container\">\n\t\t\t\t\t<p class=\"elementor-heading-title elementor-size-default\"><a href=\"https:\/\/be-is.al\/en\/punime-per-objektin-rruga-qafe-buall-martanesh-faza-2\/\">Punime p\u00ebr objektin \u201cRruga Qaf\u00eb Buall &#8211; Martanesh\u201d faza 2.<\/a><\/p>\t\t\t\t<\/div>\n\t\t\t\t<\/div>\n\t\t\t\t\t<\/div>\n\t\t\t\t<\/div>\n\t\t\t\t<\/div>\n\t\t\t\t<div data-elementor-type=\"loop-item\" data-elementor-id=\"1827\" class=\"elementor elementor-1827 e-loop-item e-loop-item-2482 post-2482 post type-post status-publish format-standard has-post-thumbnail hentry category-te-ndertuara category-infrastrukture-rrugore tag-foto\" data-elementor-post-type=\"elementor_library\" data-custom-edit-handle=\"1\">\n\t\t\t<div class=\"elementor-element elementor-element-0bc54e1 e-flex e-con-boxed e-con e-parent\" data-id=\"0bc54e1\" data-element_type=\"container\" data-e-type=\"container\">\n\t\t\t\t\t<div class=\"e-con-inner\">\n\t\t\t\t<div class=\"elementor-element elementor-element-b2ff06b elementor-widget-tablet__width-inherit elementor-widget elementor-widget-theme-post-title elementor-page-title elementor-widget-heading\" data-id=\"b2ff06b\" data-element_type=\"widget\" data-e-type=\"widget\" data-widget_type=\"theme-post-title.default\">\n\t\t\t\t<div class=\"elementor-widget-container\">\n\t\t\t\t\t<p class=\"elementor-heading-title elementor-size-default\"><a href=\"https:\/\/be-is.al\/en\/objekti-blloku-lure-ne-laknas\/\">Objekti Blloku Lure n\u00eb Laknas<\/a><\/p>\t\t\t\t<\/div>\n\t\t\t\t<\/div>\n\t\t\t\t\t<\/div>\n\t\t\t\t<\/div>\n\t\t\t\t<\/div>\n\t\t\t\t<div data-elementor-type=\"loop-item\" data-elementor-id=\"1827\" class=\"elementor elementor-1827 e-loop-item e-loop-item-2440 post-2440 post type-post status-publish format-standard has-post-thumbnail hentry category-infrastrukture-rrugore category-ne-proces tag-foto\" data-elementor-post-type=\"elementor_library\" data-custom-edit-handle=\"1\">\n\t\t\t<div class=\"elementor-element elementor-element-0bc54e1 e-flex e-con-boxed e-con e-parent\" data-id=\"0bc54e1\" data-element_type=\"container\" data-e-type=\"container\">\n\t\t\t\t\t<div class=\"e-con-inner\">\n\t\t\t\t<div class=\"elementor-element elementor-element-b2ff06b elementor-widget-tablet__width-inherit elementor-widget elementor-widget-theme-post-title elementor-page-title elementor-widget-heading\" data-id=\"b2ff06b\" data-element_type=\"widget\" data-e-type=\"widget\" data-widget_type=\"theme-post-title.default\">\n\t\t\t\t<div class=\"elementor-widget-container\">\n\t\t\t\t\t<p class=\"elementor-heading-title elementor-size-default\"><a href=\"https:\/\/be-is.al\/en\/punime-per-objektin-ndertim-aksi-rrugor-paper-ura-e-grykshit-faza-2\/\">Punime p\u00ebr objektin \u201cNd\u00ebrtim aksi rrugor Paper-Ura e Grykshit\u201d faza 2.<\/a><\/p>\t\t\t\t<\/div>\n\t\t\t\t<\/div>\n\t\t\t\t\t<\/div>\n\t\t\t\t<\/div>\n\t\t\t\t<\/div>\n\t\t\t\t<div data-elementor-type=\"loop-item\" data-elementor-id=\"1827\" class=\"elementor elementor-1827 e-loop-item e-loop-item-2111 post-2111 post type-post status-publish format-standard has-post-thumbnail hentry category-te-ndertuara tag-foto\" data-elementor-post-type=\"elementor_library\" data-custom-edit-handle=\"1\">\n\t\t\t<div class=\"elementor-element elementor-element-0bc54e1 e-flex e-con-boxed e-con e-parent\" data-id=\"0bc54e1\" data-element_type=\"container\" data-e-type=\"container\">\n\t\t\t\t\t<div class=\"e-con-inner\">\n\t\t\t\t<div class=\"elementor-element elementor-element-b2ff06b elementor-widget-tablet__width-inherit elementor-widget elementor-widget-theme-post-title elementor-page-title elementor-widget-heading\" data-id=\"b2ff06b\" data-element_type=\"widget\" data-e-type=\"widget\" data-widget_type=\"theme-post-title.default\">\n\t\t\t\t<div class=\"elementor-widget-container\">\n\t\t\t\t\t<p class=\"elementor-heading-title elementor-size-default\"><a href=\"https:\/\/be-is.al\/en\/hartimi-i-projekt-zbatimit-per-rindertimin-e-shkolles-9-vjecare-azem-hajdari-njesia-administrative-babrru-paskuqan\/\">HARTIMI I PROJEKT ZBATIMIT P\u00cbR RIND\u00cbRTIMIN E SHKOLL\u00cbS 9-VJE\u00c7ARE &#8220;AZEM HAJDARI&#8221; , NJ\u00cbSIA ADMINISTRATIVE BABRRU , PASKUQAN<\/a><\/p>\t\t\t\t<\/div>\n\t\t\t\t<\/div>\n\t\t\t\t\t<\/div>\n\t\t\t\t<\/div>\n\t\t\t\t<\/div>\n\t\t\t\t<div data-elementor-type=\"loop-item\" data-elementor-id=\"1827\" class=\"elementor elementor-1827 e-loop-item e-loop-item-2106 post-2106 post type-post status-publish format-standard has-post-thumbnail hentry category-te-ndertuara tag-foto\" data-elementor-post-type=\"elementor_library\" data-custom-edit-handle=\"1\">\n\t\t\t<div class=\"elementor-element elementor-element-0bc54e1 e-flex e-con-boxed e-con e-parent\" data-id=\"0bc54e1\" data-element_type=\"container\" data-e-type=\"container\">\n\t\t\t\t\t<div class=\"e-con-inner\">\n\t\t\t\t<div class=\"elementor-element elementor-element-b2ff06b elementor-widget-tablet__width-inherit elementor-widget elementor-widget-theme-post-title elementor-page-title elementor-widget-heading\" data-id=\"b2ff06b\" data-element_type=\"widget\" data-e-type=\"widget\" data-widget_type=\"theme-post-title.default\">\n\t\t\t\t<div class=\"elementor-widget-container\">\n\t\t\t\t\t<p class=\"elementor-heading-title elementor-size-default\"><a href=\"https:\/\/be-is.al\/en\/rindertimi-i-njesive-te-banimit-ne-ndertesa-pallat-per-zonen-e-re-per-zhvillim-manze-objekteta1-a2-b1-dhe-b3-njesi-banimi-ne-ndertesa-pallat-njesi-administrative-manze-bashkia-durres\/\">Rindertimi i njesive te banimit ne ndertesa (pallat) per zonen e re per zhvillim Manze, Objektet(A1, A2, B1 dhe B3) njesi banimi ne ndertesa (pallat), njesi administrative Manze, Bashkia Durres<\/a><\/p>\t\t\t\t<\/div>\n\t\t\t\t<\/div>\n\t\t\t\t\t<\/div>\n\t\t\t\t<\/div>\n\t\t\t\t<\/div>\n\t\t\t\t<div data-elementor-type=\"loop-item\" data-elementor-id=\"1827\" class=\"elementor elementor-1827 e-loop-item e-loop-item-2104 post-2104 post type-post status-publish format-standard has-post-thumbnail hentry category-te-ndertuara tag-foto\" data-elementor-post-type=\"elementor_library\" data-custom-edit-handle=\"1\">\n\t\t\t<div class=\"elementor-element elementor-element-0bc54e1 e-flex e-con-boxed e-con e-parent\" data-id=\"0bc54e1\" data-element_type=\"container\" data-e-type=\"container\">\n\t\t\t\t\t<div class=\"e-con-inner\">\n\t\t\t\t<div class=\"elementor-element elementor-element-b2ff06b elementor-widget-tablet__width-inherit elementor-widget elementor-widget-theme-post-title elementor-page-title elementor-widget-heading\" data-id=\"b2ff06b\" data-element_type=\"widget\" data-e-type=\"widget\" data-widget_type=\"theme-post-title.default\">\n\t\t\t\t<div class=\"elementor-widget-container\">\n\t\t\t\t\t<p class=\"elementor-heading-title elementor-size-default\"><a href=\"https:\/\/be-is.al\/en\/rinovim-i-trungut-hekurudhor-durres-elbasan-km-13400-km-14400-14970-km-15970-km-39500-40500-dhe-km-56000-km-57000\/\">Rinovim i trungut hekurudhor Durres &#8211; Elbasan ( km 13+400 &#8211; km 14+400; 14+970 &#8211; km 15+970; km 39+500 &#8211; 40+500 dhe km 56+000 &#8211; km 57+000 )<\/a><\/p>\t\t\t\t<\/div>\n\t\t\t\t<\/div>\n\t\t\t\t\t<\/div>\n\t\t\t\t<\/div>\n\t\t\t\t<\/div>\n\t\t\t\t<\/div>\n\t\t\n\t\t\t\t<div class=\"e-load-more-anchor\" data-page=\"1\" data-max-page=\"8\" data-next-page=\"https:\/\/be-is.al\/en\/wp-json\/wp\/v2\/pages\/1486\/page\/2\/\"><\/div>\n\t\t\t\t<nav class=\"elementor-pagination\" aria-label=\"Pagination\">\n\t\t\t<span aria-current=\"page\" class=\"page-numbers current\"><span class=\"elementor-screen-only\">Page<\/span>1<\/span>\n<a class=\"page-numbers\" href=\"https:\/\/be-is.al\/en\/wp-json\/wp\/v2\/pages\/1486\/page\/2\/\"><span class=\"elementor-screen-only\">Page<\/span>2<\/a>\n<a class=\"page-numbers\" href=\"https:\/\/be-is.al\/en\/wp-json\/wp\/v2\/pages\/1486\/page\/3\/\"><span class=\"elementor-screen-only\">Page<\/span>3<\/a>\n<a class=\"page-numbers\" href=\"https:\/\/be-is.al\/en\/wp-json\/wp\/v2\/pages\/1486\/page\/4\/\"><span class=\"elementor-screen-only\">Page<\/span>4<\/a>\n<a class=\"page-numbers\" href=\"https:\/\/be-is.al\/en\/wp-json\/wp\/v2\/pages\/1486\/page\/5\/\"><span class=\"elementor-screen-only\">Page<\/span>5<\/a>\n<a class=\"page-numbers\" href=\"https:\/\/be-is.al\/en\/wp-json\/wp\/v2\/pages\/1486\/page\/6\/\"><span class=\"elementor-screen-only\">Page<\/span>6<\/a>\n<a class=\"page-numbers\" href=\"https:\/\/be-is.al\/en\/wp-json\/wp\/v2\/pages\/1486\/page\/7\/\"><span class=\"elementor-screen-only\">Page<\/span>7<\/a>\n<a class=\"page-numbers\" href=\"https:\/\/be-is.al\/en\/wp-json\/wp\/v2\/pages\/1486\/page\/8\/\"><span class=\"elementor-screen-only\">Page<\/span>8<\/a>\t\t<\/nav>\n\t\t\t\t\t\t<\/div>\n\t\t\t\t<\/div>\n\t\t\t\t\t<\/div>\n\t\t\t\t<\/div>\n\t\t\t\t<\/div>\n\t\t","protected":false},"excerpt":{"rendered":"","protected":false},"author":1,"featured_media":0,"parent":0,"menu_order":0,"comment_status":"closed","ping_status":"closed","template":"","meta":{"footnotes":""},"class_list":["post-1486","page","type-page","status-publish","hentry"],"_links":{"self":[{"href":"https:\/\/be-is.al\/en\/wp-json\/wp\/v2\/pages\/1486","targetHints":{"allow":["GET"]}}],"collection":[{"href":"https:\/\/be-is.al\/en\/wp-json\/wp\/v2\/pages"}],"about":[{"href":"https:\/\/be-is.al\/en\/wp-json\/wp\/v2\/types\/page"}],"author":[{"embeddable":true,"href":"https:\/\/be-is.al\/en\/wp-json\/wp\/v2\/users\/1"}],"replies":[{"embeddable":true,"href":"https:\/\/be-is.al\/en\/wp-json\/wp\/v2\/comments?post=1486"}],"version-history":[{"count":10,"href":"https:\/\/be-is.al\/en\/wp-json\/wp\/v2\/pages\/1486\/revisions"}],"predecessor-version":[{"id":2421,"href":"https:\/\/be-is.al\/en\/wp-json\/wp\/v2\/pages\/1486\/revisions\/2421"}],"wp:attachment":[{"href":"https:\/\/be-is.al\/en\/wp-json\/wp\/v2\/media?parent=1486"}],"curies":[{"name":"wp","href":"https:\/\/api.w.org\/{rel}","templated":true}]}}