{"id":2024,"date":"2025-04-23T14:16:53","date_gmt":"2025-04-23T12:16:53","guid":{"rendered":"https:\/\/beis.instant.al\/?page_id=2024"},"modified":"2025-04-24T09:32:35","modified_gmt":"2025-04-24T07:32:35","slug":"departamenti-teknik","status":"publish","type":"page","link":"https:\/\/be-is.al\/en\/rreth-nesh\/departamenti-teknik\/","title":{"rendered":"Technical Department"},"content":{"rendered":"<div data-elementor-type=\"wp-page\" data-elementor-id=\"2024\" class=\"elementor elementor-2024\" data-elementor-post-type=\"page\">\n\t\t\t\t<div class=\"elementor-element elementor-element-147d429 e-flex e-con-boxed e-con e-parent\" data-id=\"147d429\" data-element_type=\"container\" data-e-type=\"container\">\n\t\t\t\t\t<div class=\"e-con-inner\">\n\t\t\t\t<div class=\"elementor-element elementor-element-238c56d elementor-widget elementor-widget-text-editor\" data-id=\"238c56d\" data-element_type=\"widget\" data-e-type=\"widget\" data-widget_type=\"text-editor.default\">\n\t\t\t\t<div class=\"elementor-widget-container\">\n\t\t\t\t\t\t\t\t\t<p>The Cost, Planning, Reporting, HSE (Occupational Health and Safety) &amp; QA\/QC (Quality and Quality Control) Department is an important part of the company's organizational structure. This part of the company has major responsibilities for effective resource management and occupational safety, including quality and project supervision.<\/p><p>Cost:<\/p><ul><li>Cost is a key element of the department and includes monitoring and controlling the progress of projects.<\/li><li>Develops project budgets and monitors actual spending to ensure the project is kept within budget limits.<\/li><\/ul><p><br \/>Planning &amp; Reporting:<\/p><ul><li>The Planning Department prepares plans for project implementation, plans human and material resources to ensure that the project is successful.<\/li><li>Prepares and presents periodic reports on project implementation to senior management and stakeholders.<\/li><\/ul><p><br \/>HSE (Occupational Health and Safety):<\/p><ul><li>Takes care of the safety and health of employees in the workplace.<\/li><li>Implements and monitors policies and procedures to prevent accidents and other hazards in the workplace.<\/li><\/ul><p><br \/>QA\/QC (Quality and Quality Control):<\/p><ul><li>Ensures the implementation of quality standards in all phases of projects.<\/li><li>Monitors the quality of materials and work performed and identifies changes needed to improve quality.<\/li><\/ul><p><br \/>These departments work together to ensure that successful projects are built, adhering to quality and occupational health and safety standards, while maintaining effective cost and scheduling management.<\/p>\t\t\t\t\t\t\t\t<\/div>\n\t\t\t\t<\/div>\n\t\t\t\t\t<\/div>\n\t\t\t\t<\/div>\n\t\t\t\t<\/div>","protected":false},"excerpt":{"rendered":"<p>Departamenti i Kostos, Planifikimit, Raportimit, HSE (Sh\u00ebndet dhe Siguri n\u00eb Pun\u00eb) &amp; QA\/QC (Kualitet dhe Kontroll i Cil\u00ebsis\u00eb) \u00ebsht\u00eb nj\u00eb pjes\u00eb e r\u00ebnd\u00ebsishme e struktur\u00ebs organizative t\u00eb kompanis\u00eb. Kjo pjes\u00eb e kompanis\u00eb ka p\u00ebrgjegj\u00ebsi t\u00eb m\u00ebdha p\u00ebr menaxhimin efektiv t\u00eb burimeve dhe sigurin\u00eb n\u00eb pun\u00eb, p\u00ebrfshir\u00eb cil\u00ebsin\u00eb dhe mbik\u00ebqyrjen e projekteve. Kosto: Kosto \u00ebsht\u00eb nj\u00eb [&hellip;]<\/p>\n","protected":false},"author":1,"featured_media":0,"parent":1484,"menu_order":0,"comment_status":"closed","ping_status":"closed","template":"","meta":{"footnotes":""},"class_list":["post-2024","page","type-page","status-publish","hentry"],"_links":{"self":[{"href":"https:\/\/be-is.al\/en\/wp-json\/wp\/v2\/pages\/2024","targetHints":{"allow":["GET"]}}],"collection":[{"href":"https:\/\/be-is.al\/en\/wp-json\/wp\/v2\/pages"}],"about":[{"href":"https:\/\/be-is.al\/en\/wp-json\/wp\/v2\/types\/page"}],"author":[{"embeddable":true,"href":"https:\/\/be-is.al\/en\/wp-json\/wp\/v2\/users\/1"}],"replies":[{"embeddable":true,"href":"https:\/\/be-is.al\/en\/wp-json\/wp\/v2\/comments?post=2024"}],"version-history":[{"count":4,"href":"https:\/\/be-is.al\/en\/wp-json\/wp\/v2\/pages\/2024\/revisions"}],"predecessor-version":[{"id":2028,"href":"https:\/\/be-is.al\/en\/wp-json\/wp\/v2\/pages\/2024\/revisions\/2028"}],"up":[{"embeddable":true,"href":"https:\/\/be-is.al\/en\/wp-json\/wp\/v2\/pages\/1484"}],"wp:attachment":[{"href":"https:\/\/be-is.al\/en\/wp-json\/wp\/v2\/media?parent=2024"}],"curies":[{"name":"wp","href":"https:\/\/api.w.org\/{rel}","templated":true}]}}